{"id":90,"date":"2025-12-25T08:12:31","date_gmt":"2025-12-25T08:12:31","guid":{"rendered":"https:\/\/ichibanboshi.pref.wakayama.lg.jp\/?post_type=product&#038;p=90"},"modified":"2026-04-06T04:26:03","modified_gmt":"2026-04-06T04:26:03","slug":"04","status":"publish","type":"product","link":"https:\/\/ichibanboshi.pref.wakayama.lg.jp\/fr\/product\/04\/","title":{"rendered":"Go\u00fbt haut de gamme uetomo"},"content":{"rendered":"<div class=\"tcdce-body\"><h4>L\u2019essence de la mandarine d\u2019Arita, concentr\u00e9e dans chaque goutte<\/h4>\n<p>Depuis plus de 100 ans, la ferme Uetomo cultive des mandarines \u00e0 Arita. Ce jus 100 % pur est \u00e9labor\u00e9 exclusivement \u00e0 partir de fruits r\u00e9colt\u00e9s \u00e0 maturit\u00e9 optimale. En bouche, il offre une douceur intense rappelant le fruit frais, suivie d\u2019une finale claire et \u00e9l\u00e9gante. Une expression sinc\u00e8re du potentiel naturel du fruit.<\/p>\n<h4>Une maturit\u00e9 sur arbre et une s\u00e9lection rigoureuse<\/h4>\n<p>Les fruits sont laiss\u00e9s sur l\u2019arbre environ un mois de plus que la p\u00e9riode habituelle afin d\u2019atteindre une parfaite maturit\u00e9. Cultiv\u00e9es sur des sols enrichis en algues, les mandarines sont ensuite s\u00e9lectionn\u00e9es gr\u00e2ce \u00e0 un capteur optique, seules celles d\u00e9passant 12\u00b0 Brix \u00e9tant retenues.<\/p>\n<h4>Une extraction qui pr\u00e9serve la puret\u00e9 du fruit<\/h4>\n<p>Chaque fruit est pel\u00e9 avant extraction afin d\u2019\u00e9viter toute amertume ou huile de zeste. Le jus est obtenu uniquement \u00e0 partir de la pulpe. Sans ajout d\u2019eau, de sucre ni d\u2019additifs, il refl\u00e8te fid\u00e8lement le terroir d\u2019Arita et le savoir-faire de la ferme.<\/p>\n<\/div>","protected":false},"excerpt":{"rendered":"Fruit d\u2019un savoir-faire centenaire, ce jus est \u00e9labor\u00e9 \u00e0 partir de mandarines m\u00fbries sur l\u2019arbre et soigneusement s\u00e9lectionn\u00e9es. Son go\u00fbt intense et sa finale pure incarnent l\u2019essence m\u00eame de la mandarine d\u2019Arita.\r\n\r\n<span class=\"tcdce-marker custom_marker\">Laur\u00e9at du Prix sp\u00e9cial du jury \u2013 Wakayama Ichibanboshi Award (1\u00e8re \u00e9dition)<\/span>\r\n<div class=\"tcdce-box custom_box\">Uetomo Farm Co., Ltd.\r\n\u3012649-0313\r\n2189 Senda, Arita, Wakayama, Japon\r\nT\u00e9l : 0737-20-4512\r\n<a href=\"https:\/\/uetomo-farm.com\/\">https:\/\/uetomo-farm.com\/<\/a>\r\n<a href=\"https:\/\/uetomo.official.ec\/items\/86923642\">https:\/\/uetomo.official.ec\/items\/86923642<\/a>\r\n\u300cExp\u00e9dition internationale non disponible\u300d<\/div>","protected":false},"featured_media":527,"template":"","meta":{"_acf_changed":false},"product_brand":[],"product_cat":[35],"product_tag":[],"class_list":{"0":"post-90","1":"product","2":"type-product","3":"status-publish","4":"has-post-thumbnail","6":"product_cat-drink","8":"first","9":"instock","10":"featured","11":"shipping-taxable","12":"product-type-simple"},"acf":[],"_links":{"self":[{"href":"https:\/\/ichibanboshi.pref.wakayama.lg.jp\/fr\/wp-json\/wp\/v2\/product\/90","targetHints":{"allow":["GET"]}}],"collection":[{"href":"https:\/\/ichibanboshi.pref.wakayama.lg.jp\/fr\/wp-json\/wp\/v2\/product"}],"about":[{"href":"https:\/\/ichibanboshi.pref.wakayama.lg.jp\/fr\/wp-json\/wp\/v2\/types\/product"}],"wp:featuredmedia":[{"embeddable":true,"href":"https:\/\/ichibanboshi.pref.wakayama.lg.jp\/fr\/wp-json\/wp\/v2\/media\/527"}],"wp:attachment":[{"href":"https:\/\/ichibanboshi.pref.wakayama.lg.jp\/fr\/wp-json\/wp\/v2\/media?parent=90"}],"wp:term":[{"taxonomy":"product_brand","embeddable":true,"href":"https:\/\/ichibanboshi.pref.wakayama.lg.jp\/fr\/wp-json\/wp\/v2\/product_brand?post=90"},{"taxonomy":"product_cat","embeddable":true,"href":"https:\/\/ichibanboshi.pref.wakayama.lg.jp\/fr\/wp-json\/wp\/v2\/product_cat?post=90"},{"taxonomy":"product_tag","embeddable":true,"href":"https:\/\/ichibanboshi.pref.wakayama.lg.jp\/fr\/wp-json\/wp\/v2\/product_tag?post=90"}],"curies":[{"name":"wp","href":"https:\/\/api.w.org\/{rel}","templated":true}]}}