{"id":349,"date":"2025-12-26T09:03:08","date_gmt":"2025-12-26T09:03:08","guid":{"rendered":"https:\/\/ichibanboshi.pref.wakayama.lg.jp\/?post_type=product&#038;p=349"},"modified":"2026-04-06T05:42:47","modified_gmt":"2026-04-06T05:42:47","slug":"14","status":"publish","type":"product","link":"https:\/\/ichibanboshi.pref.wakayama.lg.jp\/fr\/product\/14\/","title":{"rendered":"Deluxe Cake"},"content":{"rendered":"<div class=\"tcdce-body\"><h4>Une confiserie embl\u00e9matique n\u00e9e \u00e0 Tanabe, impr\u00e9gn\u00e9e d\u2019un si\u00e8cle d\u2019histoire<\/h4>\n<p>Fond\u00e9e \u00e0 l\u2019\u00e8re Taish\u014d \u00e0 Tanabe, dans la pr\u00e9fecture de Wakayama, la maison traditionnelle Suzuya est aim\u00e9e depuis des g\u00e9n\u00e9rations. Son produit embl\u00e9matique est le \u00ab Deluxe Cake \u00bb. Ni soumis aux modes, ni alt\u00e9r\u00e9 par le temps, ce g\u00e2teau a conserv\u00e9 presque intacte sa forme depuis sa cr\u00e9ation, incarnant la m\u00e9moire et le temps d\u2019un lieu.<\/p>\n<h4>Une douceur o\u00f9 se rencontrent tradition japonaise et p\u00e2tisserie occidentale<\/h4>\n<p>Une g\u00e9noise castella dense et moelleuse, garnie d\u2019une confiture artisanale de haricots blancs, puis enrob\u00e9e d\u2019un chocolat blanc onctueux. Une composition simple en apparence, mais d\u2019une perfection rare. L\u2019alliance du savoir-faire des wagashi et des techniques de p\u00e2tisserie occidentale cr\u00e9e une saveur \u00e0 la fois nostalgique et contemporaine.<\/p>\n<h4>Un luxe discret envelopp\u00e9 dans du papier argent\u00e9<\/h4>\n<p>En ouvrant l\u2019emballage en papier argent\u00e9 au charme r\u00e9tro, se d\u00e9voilent le parfum d\u00e9licat du chocolat blanc et une forme rectangulaire \u00e9l\u00e9gante. Depuis plus d\u2019un demi-si\u00e8cle, rien n\u2019a chang\u00e9. Un luxe discret mais authentique, id\u00e9al pour offrir \u00e0 ceux qui comptent.<\/p>\n<\/div>","protected":false},"excerpt":{"rendered":"<strong><span class=\"tcdce-marker custom_marker\">Laur\u00e9at du Prix d\u2019Excellence \u2014 1\u02b3\u1d49 \u00e9dition des Wakayama Ichibanboshi Awards<\/span><\/strong>\r\n\r\nDepuis pr\u00e8s d\u2019un si\u00e8cle, Suzuya \u00e0 Tanabe est une r\u00e9f\u00e9rence. Le \u00ab Deluxe Cake \u00bb associe une g\u00e9noise castella, une confiture de haricots blancs et un enrobage de chocolat blanc. Ce g\u00e2teau, transmis \u00e0 travers le temps, incarne la m\u00e9moire d\u2019un lieu. \u00c0 l\u2019ouverture de son emballage, un luxe discret se r\u00e9v\u00e8le.\r\n<div class=\"tcdce-box custom_box\">Suzuya\r\n\u3012646-0031\r\n15-11 Minato, Tanabe, Wakayama, Japon\r\nT\u00e9l : 0739-22-0436\r\n<a href=\"https:\/\/www.dxcake.jp\/\">https:\/\/www.dxcake.jp\/<\/a>\r\n\u300cExp\u00e9dition internationale non disponible\u300d<\/div>","protected":false},"featured_media":506,"template":"","meta":{"_acf_changed":false},"product_brand":[],"product_cat":[36],"product_tag":[],"class_list":{"0":"post-349","1":"product","2":"type-product","3":"status-publish","4":"has-post-thumbnail","6":"product_cat-sweets","8":"first","9":"instock","10":"featured","11":"shipping-taxable","12":"product-type-simple"},"acf":[],"_links":{"self":[{"href":"https:\/\/ichibanboshi.pref.wakayama.lg.jp\/fr\/wp-json\/wp\/v2\/product\/349","targetHints":{"allow":["GET"]}}],"collection":[{"href":"https:\/\/ichibanboshi.pref.wakayama.lg.jp\/fr\/wp-json\/wp\/v2\/product"}],"about":[{"href":"https:\/\/ichibanboshi.pref.wakayama.lg.jp\/fr\/wp-json\/wp\/v2\/types\/product"}],"wp:featuredmedia":[{"embeddable":true,"href":"https:\/\/ichibanboshi.pref.wakayama.lg.jp\/fr\/wp-json\/wp\/v2\/media\/506"}],"wp:attachment":[{"href":"https:\/\/ichibanboshi.pref.wakayama.lg.jp\/fr\/wp-json\/wp\/v2\/media?parent=349"}],"wp:term":[{"taxonomy":"product_brand","embeddable":true,"href":"https:\/\/ichibanboshi.pref.wakayama.lg.jp\/fr\/wp-json\/wp\/v2\/product_brand?post=349"},{"taxonomy":"product_cat","embeddable":true,"href":"https:\/\/ichibanboshi.pref.wakayama.lg.jp\/fr\/wp-json\/wp\/v2\/product_cat?post=349"},{"taxonomy":"product_tag","embeddable":true,"href":"https:\/\/ichibanboshi.pref.wakayama.lg.jp\/fr\/wp-json\/wp\/v2\/product_tag?post=349"}],"curies":[{"name":"wp","href":"https:\/\/api.w.org\/{rel}","templated":true}]}}