{"id":319,"date":"2025-12-26T04:42:16","date_gmt":"2025-12-26T04:42:16","guid":{"rendered":"https:\/\/ichibanboshi.pref.wakayama.lg.jp\/?post_type=product&#038;p=319"},"modified":"2026-04-06T06:02:03","modified_gmt":"2026-04-06T06:02:03","slug":"18","status":"publish","type":"product","link":"https:\/\/ichibanboshi.pref.wakayama.lg.jp\/fr\/product\/18\/","title":{"rendered":"Punch aux fruits de Wakayama"},"content":{"rendered":"<div class=\"tcdce-body\"><h4>Un dessert raffin\u00e9 r\u00e9unissant quatre fruits de Wakayama<\/h4>\n<p>Le \u00ab Wakayama Ponchi \u00bb est une gel\u00e9e de fruits \u00e9labor\u00e9e \u00e0 partir de prune ume, mandarine satsuma, hassaku et jeune p\u00eache, tous issus de la pr\u00e9fecture de Wakayama. Produite par Fumiko Farm, chaque \u00e9tape est soigneusement ma\u00eetris\u00e9e afin de pr\u00e9server les ar\u00f4mes et textures naturelles des fruits. Ce produit r\u00e9pond aux standards officiels d\u00e9finis par Wakayama, en tant que sp\u00e9cialit\u00e9 r\u00e9gionale authentique.<\/p>\n<h4>Un \u00e9quilibre de textures entre prune, agrumes et jeune p\u00eache<\/h4>\n<p>Chaque bocal contient une prune confite tendre, des mandarines juteuses, du hassaku l\u00e9g\u00e8rement acidul\u00e9 et une jeune p\u00eache rare. L\u2019ensemble est envelopp\u00e9 d\u2019une gel\u00e9e l\u00e9g\u00e8re et translucide, \u00e0 la douceur ma\u00eetris\u00e9e. L\u2019association des fruits reste fra\u00eeche et agr\u00e9able jusqu\u2019\u00e0 la derni\u00e8re bouch\u00e9e.<\/p>\n<h4>Un dessert-cadeau embl\u00e9matique de Wakayama<\/h4>\n<p>N\u00e9 d\u2019un projet visant \u00e0 faire des fruits et de l\u2019ume une sp\u00e9cialit\u00e9 locale, ce dessert a re\u00e7u plusieurs distinctions, dont le prix argent du tourisme japonais et le Japan Gift Award (prix Wakayama). Son esth\u00e9tique \u00e9l\u00e9gante et ses fruits locaux en font un cadeau repr\u00e9sentatif de la r\u00e9gion.<\/p>\n<\/div>","protected":false},"excerpt":{"rendered":"Un dessert r\u00e9unissant les fruits embl\u00e9matiques de Wakayama. Prune, mandarine, hassaku et jeune p\u00eache sont envelopp\u00e9s dans une gel\u00e9e \u00e9l\u00e9gante, r\u00e9v\u00e9lant leurs saveurs et textures. \u00c0 la fois esth\u00e9tique et raffin\u00e9, il s\u2019impose comme un cadeau repr\u00e9sentatif de la r\u00e9gion.\r\n<div class=\"tcdce-box custom_box\">Fumiko Farm Co., Ltd.\r\n\u3012643-0031\r\n594-1 Noda, Aridagawa, Wakayama, Japon\r\nT\u00e9l : 0737-53-2350\r\n<a href=\"https:\/\/www.fumiko.co.jp\/\">https:\/\/www.fumiko.co.jp\/<\/a>\r\n<a href=\"https:\/\/shop.fumiko.co.jp\/wakayama_ponchi\">https:\/\/shop.fumiko.co.jp\/wakayama_ponchi<\/a>\r\n\u300cExp\u00e9dition internationale non disponible\u300d<\/div>","protected":false},"featured_media":494,"template":"","meta":{"_acf_changed":false},"product_brand":[],"product_cat":[36,38],"product_tag":[],"class_list":{"0":"post-319","1":"product","2":"type-product","3":"status-publish","4":"has-post-thumbnail","6":"product_cat-sweets","7":"product_cat-food-products","9":"first","10":"instock","11":"shipping-taxable","12":"product-type-simple"},"acf":[],"_links":{"self":[{"href":"https:\/\/ichibanboshi.pref.wakayama.lg.jp\/fr\/wp-json\/wp\/v2\/product\/319","targetHints":{"allow":["GET"]}}],"collection":[{"href":"https:\/\/ichibanboshi.pref.wakayama.lg.jp\/fr\/wp-json\/wp\/v2\/product"}],"about":[{"href":"https:\/\/ichibanboshi.pref.wakayama.lg.jp\/fr\/wp-json\/wp\/v2\/types\/product"}],"wp:featuredmedia":[{"embeddable":true,"href":"https:\/\/ichibanboshi.pref.wakayama.lg.jp\/fr\/wp-json\/wp\/v2\/media\/494"}],"wp:attachment":[{"href":"https:\/\/ichibanboshi.pref.wakayama.lg.jp\/fr\/wp-json\/wp\/v2\/media?parent=319"}],"wp:term":[{"taxonomy":"product_brand","embeddable":true,"href":"https:\/\/ichibanboshi.pref.wakayama.lg.jp\/fr\/wp-json\/wp\/v2\/product_brand?post=319"},{"taxonomy":"product_cat","embeddable":true,"href":"https:\/\/ichibanboshi.pref.wakayama.lg.jp\/fr\/wp-json\/wp\/v2\/product_cat?post=319"},{"taxonomy":"product_tag","embeddable":true,"href":"https:\/\/ichibanboshi.pref.wakayama.lg.jp\/fr\/wp-json\/wp\/v2\/product_tag?post=319"}],"curies":[{"name":"wp","href":"https:\/\/api.w.org\/{rel}","templated":true}]}}