{"id":304,"date":"2025-12-26T03:03:02","date_gmt":"2025-12-26T03:03:02","guid":{"rendered":"https:\/\/ichibanboshi.pref.wakayama.lg.jp\/?post_type=product&#038;p=304"},"modified":"2026-04-06T05:39:53","modified_gmt":"2026-04-06T05:39:53","slug":"13","status":"publish","type":"product","link":"https:\/\/ichibanboshi.pref.wakayama.lg.jp\/fr\/product\/13\/","title":{"rendered":"Yeti"},"content":{"rendered":"<div class=\"tcdce-body\"><h4>Un \u00e9co-fur d\u2019exception, n\u00e9 du savoir-faire de K\u014dyaguchi reconnu dans le monde entier<\/h4>\n<p>La ville de K\u014dyaguchi, \u00e0 Hashimoto (pr\u00e9fecture de Wakayama), est r\u00e9put\u00e9e comme un rare centre mondial de textiles \u00e0 poils (pile fabrics). C\u2019est dans ce terroir que la maison Sugimura Textile, fond\u00e9e en 1931, a donn\u00e9 naissance \u00e0 \u00ab YETI \u00bb. Con\u00e7u \u00e0 partir d\u2019\u00e9co-fourrure de qualit\u00e9 sup\u00e9rieure, \u00e9galement pris\u00e9e par les grandes maisons de mode internationales, ce produit atteint un niveau de densit\u00e9, de texture et de toucher \u00e9voquant la fourrure v\u00e9ritable, tout en s\u2019inscrivant dans une d\u00e9marche \u00e9thique sans recours aux peaux animales.<\/p>\n<h4>Une douceur apaisante, chaque pi\u00e8ce est unique<\/h4>\n<p>Le charme de YETI r\u00e9side dans son toucher irr\u00e9sistiblement doux, invitant \u00e0 \u00eatre caress\u00e9 encore et encore. Chaque pi\u00e8ce est dot\u00e9e d\u2019yeux en boutons vintage, fix\u00e9s \u00e0 la main par des artisans, lui conf\u00e9rant une expression unique. Des poids subtilement int\u00e9gr\u00e9s permettent de le faire asseoir naturellement. En coiffant sa fourrure ou en modifiant sa posture, il semble changer de personnalit\u00e9, apportant une touche ludique et chaleureuse au quotidien.<\/p>\n<h4>Un choix doux qui relie tradition et avenir<\/h4>\n<p>De la fabrication du tissu \u00e0 l\u2019assemblage final, tout est r\u00e9alis\u00e9 localement avec un contr\u00f4le qualit\u00e9 rigoureux. Derri\u00e8re YETI se trouve une volont\u00e9 claire de transmettre l\u2019h\u00e9ritage textile de K\u014dyaguchi aux g\u00e9n\u00e9rations futures. Le choix de l\u2019\u00e9co-fourrure incarne l\u2019\u00e9quilibre entre innovation technique et conscience \u00e9thique. YETI n\u2019est pas un simple objet d\u00e9coratif, mais une \u0153uvre contemporaine qui porte en elle l\u2019\u00e2me d\u2019un territoire.<\/p>\n<\/div>","protected":false},"excerpt":{"rendered":"<p data-start=\"4779\" data-end=\"5068\">N\u00e9 du savoir-faire textile de Wakayama, YETI est une pr\u00e9sence \u00e0 la fois \u00e9trange et attachante. Fa\u00e7onn\u00e9 \u00e0 la main avec une \u00e9co-fourrure d\u2019exception, il d\u00e9passe la simple notion de peluche pour devenir un objet porteur de chaleur et d\u2019histoire, apportant douceur et po\u00e9sie \u00e0 votre quotidien.<\/p>\r\n\r\n<div class=\"tcdce-box custom_box\">Fabrico<br data-start=\"4397\" data-end=\"4400\" \/>619 Nagura, K\u014dyaguchi-cho, Hashimoto, Wakayama, Japon<br data-start=\"4453\" data-end=\"4456\" \/>\u3012649-7205<br data-start=\"4465\" data-end=\"4468\" \/>T\u00e9l : 0736-43-0660\r\n<a href=\"https:\/\/fabricofabrico.jp\">https:\/\/fabricofabrico.jp<\/a>\r\n\u300cExp\u00e9dition internationale non disponible\u300d<\/div>","protected":false},"featured_media":426,"template":"","meta":{"_acf_changed":false},"product_brand":[],"product_cat":[40],"product_tag":[],"class_list":{"0":"post-304","1":"product","2":"type-product","3":"status-publish","4":"has-post-thumbnail","6":"product_cat-industrial-products","8":"first","9":"instock","10":"shipping-taxable","11":"product-type-simple"},"acf":[],"_links":{"self":[{"href":"https:\/\/ichibanboshi.pref.wakayama.lg.jp\/fr\/wp-json\/wp\/v2\/product\/304","targetHints":{"allow":["GET"]}}],"collection":[{"href":"https:\/\/ichibanboshi.pref.wakayama.lg.jp\/fr\/wp-json\/wp\/v2\/product"}],"about":[{"href":"https:\/\/ichibanboshi.pref.wakayama.lg.jp\/fr\/wp-json\/wp\/v2\/types\/product"}],"wp:featuredmedia":[{"embeddable":true,"href":"https:\/\/ichibanboshi.pref.wakayama.lg.jp\/fr\/wp-json\/wp\/v2\/media\/426"}],"wp:attachment":[{"href":"https:\/\/ichibanboshi.pref.wakayama.lg.jp\/fr\/wp-json\/wp\/v2\/media?parent=304"}],"wp:term":[{"taxonomy":"product_brand","embeddable":true,"href":"https:\/\/ichibanboshi.pref.wakayama.lg.jp\/fr\/wp-json\/wp\/v2\/product_brand?post=304"},{"taxonomy":"product_cat","embeddable":true,"href":"https:\/\/ichibanboshi.pref.wakayama.lg.jp\/fr\/wp-json\/wp\/v2\/product_cat?post=304"},{"taxonomy":"product_tag","embeddable":true,"href":"https:\/\/ichibanboshi.pref.wakayama.lg.jp\/fr\/wp-json\/wp\/v2\/product_tag?post=304"}],"curies":[{"name":"wp","href":"https:\/\/api.w.org\/{rel}","templated":true}]}}