{"id":295,"date":"2025-12-26T02:30:42","date_gmt":"2025-12-26T02:30:42","guid":{"rendered":"https:\/\/ichibanboshi.pref.wakayama.lg.jp\/?post_type=product&#038;p=295"},"modified":"2026-04-06T05:55:10","modified_gmt":"2026-04-06T05:55:10","slug":"16","status":"publish","type":"product","link":"https:\/\/ichibanboshi.pref.wakayama.lg.jp\/fr\/product\/16\/","title":{"rendered":"Pain Coppe de Wakayama \u2013 Saveur Mikan"},"content":{"rendered":"<div class=\"tcdce-body\"><h4 data-start=\"2070\" data-end=\"2131\">Un savoir-faire local transmis depuis plus d\u2019un si\u00e8cle<\/h4>\n<p data-start=\"2132\" data-end=\"2562\">Fond\u00e9e en 1903, la boulangerie Nakata fa\u00e7onne depuis plus de 120 ans la culture alimentaire de la ville de Wakayama. Ce produit est le fruit de ce savoir-faire artisanal transmis au fil des g\u00e9n\u00e9rations. Sa texture moelleuse et l\u00e9g\u00e8re, perfectionn\u00e9e au quotidien dans les repas scolaires et familiaux, offre une saveur douce et rassurante. Fid\u00e8le \u00e0 la tradition, ce pain incarne l\u2019authenticit\u00e9 d\u2019une sp\u00e9cialit\u00e9 locale intemporelle.<\/p>\n<h4 data-start=\"2564\" data-end=\"2635\">Une confiture d\u00e9velopp\u00e9e sp\u00e9cialement pour sublimer la mandarine<\/h4>\n<p data-start=\"2636\" data-end=\"2993\">La garniture est une confiture de mandarine issue de fruits cultiv\u00e9s \u00e0 Wakayama, \u00e9labor\u00e9e exclusivement pour ce pain. Producteurs locaux, artisans confituriers et boulangers ont collabor\u00e9 pour ajuster avec pr\u00e9cision la douceur, la texture et l\u2019ar\u00f4me. Chaque bouch\u00e9e r\u00e9v\u00e8le une fra\u00eecheur d\u2019agrumes d\u00e9licate, parfaitement en harmonie avec la tendret\u00e9 du pain.<\/p>\n<h4 data-start=\"2995\" data-end=\"3050\">Valoriser le terroir et transmettre son h\u00e9ritage<\/h4>\n<p data-start=\"3051\" data-end=\"3404\">Ce produit est n\u00e9 de la volont\u00e9 de faire d\u00e9couvrir les sp\u00e9cialit\u00e9s locales au plus grand nombre. L\u2019utilisation d\u2019ingr\u00e9dients r\u00e9gionaux et le travail artisanal contribuent non seulement \u00e0 la qualit\u00e9 gustative, mais aussi au soutien de l\u2019agriculture locale. Id\u00e9al au petit-d\u00e9jeuner ou en collation, il apporte une touche raffin\u00e9e de Wakayama au quotidien.<\/p>\n<\/div>","protected":false},"excerpt":{"rendered":"Gr\u00e2ce \u00e0 plus d\u2019un si\u00e8cle d\u2019expertise, cette boulangerie associe la douceur de son pain \u00e0 l\u2019ar\u00f4me riche des mandarines locales. Un produit appr\u00e9ci\u00e9 par tous les \u00e2ges, qui apporte une touche \u00e9l\u00e9gante et r\u00e9gionale aux repas du quotidien.\r\n<div class=\"tcdce-box custom_box\"><span data-sheets-root=\"1\">Soci\u00e9t\u00e9 Nakata Seipan Co., Ltd.<\/span><br data-start=\"3724\" data-end=\"3727\" \/>774 Nunobiki, Wakayama, Japon (641-0015)<br data-start=\"3767\" data-end=\"3770\" \/>T\u00e9l : +81-73-444-6418\r\n<a href=\"https:\/\/nakatanopan.com\/\">https:\/\/nakatanopan.com\/<\/a>\r\n<a href=\"https:\/\/nakatanopan.official.ec\/\">https:\/\/nakatanopan.official.ec\/<\/a>\r\n\u300cExp\u00e9dition internationale non disponible\u300d<\/div>","protected":false},"featured_media":497,"template":"","meta":{"_acf_changed":false},"product_brand":[],"product_cat":[37],"product_tag":[],"class_list":{"0":"post-295","1":"product","2":"type-product","3":"status-publish","4":"has-post-thumbnail","6":"product_cat-sushi-men-bread","8":"first","9":"instock","10":"shipping-taxable","11":"product-type-simple"},"acf":[],"_links":{"self":[{"href":"https:\/\/ichibanboshi.pref.wakayama.lg.jp\/fr\/wp-json\/wp\/v2\/product\/295","targetHints":{"allow":["GET"]}}],"collection":[{"href":"https:\/\/ichibanboshi.pref.wakayama.lg.jp\/fr\/wp-json\/wp\/v2\/product"}],"about":[{"href":"https:\/\/ichibanboshi.pref.wakayama.lg.jp\/fr\/wp-json\/wp\/v2\/types\/product"}],"wp:featuredmedia":[{"embeddable":true,"href":"https:\/\/ichibanboshi.pref.wakayama.lg.jp\/fr\/wp-json\/wp\/v2\/media\/497"}],"wp:attachment":[{"href":"https:\/\/ichibanboshi.pref.wakayama.lg.jp\/fr\/wp-json\/wp\/v2\/media?parent=295"}],"wp:term":[{"taxonomy":"product_brand","embeddable":true,"href":"https:\/\/ichibanboshi.pref.wakayama.lg.jp\/fr\/wp-json\/wp\/v2\/product_brand?post=295"},{"taxonomy":"product_cat","embeddable":true,"href":"https:\/\/ichibanboshi.pref.wakayama.lg.jp\/fr\/wp-json\/wp\/v2\/product_cat?post=295"},{"taxonomy":"product_tag","embeddable":true,"href":"https:\/\/ichibanboshi.pref.wakayama.lg.jp\/fr\/wp-json\/wp\/v2\/product_tag?post=295"}],"curies":[{"name":"wp","href":"https:\/\/api.w.org\/{rel}","templated":true}]}}