{"id":271,"date":"2025-12-25T05:59:41","date_gmt":"2025-12-25T05:59:41","guid":{"rendered":"https:\/\/ichibanboshi.pref.wakayama.lg.jp\/?post_type=product&#038;p=271"},"modified":"2026-04-06T05:08:58","modified_gmt":"2026-04-06T05:08:58","slug":"05","status":"publish","type":"product","link":"https:\/\/ichibanboshi.pref.wakayama.lg.jp\/fr\/product\/05\/","title":{"rendered":"Omni-directional speaker Kaguya"},"content":{"rendered":"<div class=\"tcdce-body\"><h4>Le bambou de Wakayama au service d\u2019une nouvelle mani\u00e8re d\u2019\u00e9couter l\u2019espace<\/h4>\n<p>N\u00e9 de la rencontre entre le bambou des satoyama de Wakayama et l\u2019excellence acoustique, le haut-parleur omnidirectionnel \u00ab Kaguya \u00bb, con\u00e7u par Umeda Denki, propose une exp\u00e9rience unique : non pas \u00e9couter le son de face, mais le laisser habiter tout l\u2019espace. Gr\u00e2ce \u00e0 une diffusion uniforme \u00e0 360 degr\u00e9s, le son reste naturel et immersif, o\u00f9 que l\u2019on se trouve dans la pi\u00e8ce, comme dans une salle de concert.<\/p>\n<h4>Le bambou carbonis\u00e9, \u00e9quilibre entre acoustique et esth\u00e9tique<\/h4>\n<p>Le corps est r\u00e9alis\u00e9 en \u00ab bambou carbonis\u00e9 \u00bb, un mat\u00e9riau issu du bambou local fum\u00e9 pour renforcer sa r\u00e9sistance tout en conservant sa souplesse. Les aigus sont cristallins, les m\u00e9diums et graves chaleureux, port\u00e9s par les qualit\u00e9s naturelles du mat\u00e9riau. Sa forme cylindrique, inspir\u00e9e du conte de la Princesse Kaguya, d\u00e9passe le simple objet audio pour devenir une pi\u00e8ce artisanale raffin\u00e9e.<\/p>\n<h4>Un luxe rare, ancr\u00e9 dans la durabilit\u00e9<\/h4>\n<p>Con\u00e7u et fabriqu\u00e9 presque enti\u00e8rement \u00e0 la main par un seul artisan, chaque pi\u00e8ce est produite en quantit\u00e9 tr\u00e8s limit\u00e9e chaque mois. Ce caract\u00e8re rare renforce son attrait. En outre, il contribue \u00e0 la gestion durable des for\u00eats de bambou. \u00ab Kaguya \u00bb transforme le quotidien en exp\u00e9rience sonore immersive, incarnant l\u2019harmonie entre nature et savoir-faire.<\/p>\n<\/div>","protected":false},"excerpt":{"rendered":"N\u00e9 de la rencontre entre le bambou des satoyama de Wakayama et le savoir-faire acoustique, ce haut-parleur omnidirectionnel diffuse le son uniform\u00e9ment dans toutes les directions \u00e0 360 degr\u00e9s. Il offre une exp\u00e9rience immersive, sans contrainte de position d\u2019\u00e9coute, o\u00f9 le son habite naturellement l\u2019espace. Les aigus limpides et les basses chaleureuses du bambou carbonis\u00e9 transforment le quotidien en une salle de concert paisible.\r\n<div class=\"tcdce-box custom_box\">Audio Craft Umeda<br data-start=\"3549\" data-end=\"3552\" \/>10 Bozu-cho, Wakayama-shi, Wakayama 640-8375, Japon<br data-start=\"3603\" data-end=\"3606\" \/>T\u00e9l : +81-73-422-1263\r\n<a href=\"https:\/\/umedastyle.amebaownd.com\/\">https:\/\/umedastyle.amebaownd.com\/<\/a>\r\n<a href=\"https:\/\/umedastyle.amebaownd.com\/pages\/1552481\/page_201801081946\">https:\/\/umedastyle.amebaownd.com\/pages\/1552481\/page_201801081946<\/a>\r\n\u300cExp\u00e9dition internationale non disponible\u300d<\/div>","protected":false},"featured_media":526,"template":"","meta":{"_acf_changed":false},"product_brand":[],"product_cat":[40],"product_tag":[],"class_list":{"0":"post-271","1":"product","2":"type-product","3":"status-publish","4":"has-post-thumbnail","6":"product_cat-industrial-products","8":"first","9":"instock","10":"shipping-taxable","11":"product-type-simple"},"acf":[],"_links":{"self":[{"href":"https:\/\/ichibanboshi.pref.wakayama.lg.jp\/fr\/wp-json\/wp\/v2\/product\/271","targetHints":{"allow":["GET"]}}],"collection":[{"href":"https:\/\/ichibanboshi.pref.wakayama.lg.jp\/fr\/wp-json\/wp\/v2\/product"}],"about":[{"href":"https:\/\/ichibanboshi.pref.wakayama.lg.jp\/fr\/wp-json\/wp\/v2\/types\/product"}],"wp:featuredmedia":[{"embeddable":true,"href":"https:\/\/ichibanboshi.pref.wakayama.lg.jp\/fr\/wp-json\/wp\/v2\/media\/526"}],"wp:attachment":[{"href":"https:\/\/ichibanboshi.pref.wakayama.lg.jp\/fr\/wp-json\/wp\/v2\/media?parent=271"}],"wp:term":[{"taxonomy":"product_brand","embeddable":true,"href":"https:\/\/ichibanboshi.pref.wakayama.lg.jp\/fr\/wp-json\/wp\/v2\/product_brand?post=271"},{"taxonomy":"product_cat","embeddable":true,"href":"https:\/\/ichibanboshi.pref.wakayama.lg.jp\/fr\/wp-json\/wp\/v2\/product_cat?post=271"},{"taxonomy":"product_tag","embeddable":true,"href":"https:\/\/ichibanboshi.pref.wakayama.lg.jp\/fr\/wp-json\/wp\/v2\/product_tag?post=271"}],"curies":[{"name":"wp","href":"https:\/\/api.w.org\/{rel}","templated":true}]}}