{"id":3,"date":"2025-09-25T04:16:47","date_gmt":"2025-09-25T04:16:47","guid":{"rendered":"https:\/\/ichibanboshi.local\/?page_id=3"},"modified":"2026-04-04T07:37:08","modified_gmt":"2026-04-04T07:37:08","slug":"privacy-policy","status":"publish","type":"page","link":"https:\/\/ichibanboshi.pref.wakayama.lg.jp\/fr\/privacy-policy\/","title":{"rendered":"Politique de confidentialit\u00e9"},"content":{"rendered":"<div class=\"tcdce-body\"><h3 class=\"fw-bold\">Politique de confidentialit\u00e9 (Traitement des donn\u00e9es personnelles)<\/h3>\n<p>Ce site reconna\u00eet l\u2019importance de la protection des donn\u00e9es personnelles et s\u2019engage \u00e0 assurer leur protection appropri\u00e9e. Nous respectons toutes les lois et r\u00e9glementations applicables concernant les informations personnelles et nous nous effor\u00e7ons de fournir un site que les utilisateurs peuvent consulter en toute confiance.<br \/>\nEn r\u00e8gle g\u00e9n\u00e9rale, vous pouvez consulter ce site sans fournir d\u2019informations personnelles.<br \/>\nCependant, dans certains cas, il peut vous \u00eatre demand\u00e9 de fournir des informations personnelles telles que votre nom ou votre adresse e-mail (par exemple lors de l\u2019envoi d\u2019une demande ou d\u2019une requ\u00eate \u00e0 la pr\u00e9fecture de Wakayama).<br \/>\nSi des informations personnelles sont fournies \u00e0 la pr\u00e9fecture de Wakayama, elles ne seront pas partag\u00e9es avec des tiers sans votre consentement.<\/p>\n<h5 class=\"fw-bold mt-4\">Conception universelle<\/h5>\n<p>La pr\u00e9fecture de Wakayama vise \u00e0 mettre en \u0153uvre une \u00ab conception universelle de l\u2019information \u00bb afin que chacun puisse acc\u00e9der aux informations de mani\u00e8re \u00e9quitable.<br \/>\nLes visiteurs du site comprennent des personnes \u00e2g\u00e9es, des personnes ayant des difficult\u00e9s \u00e0 utiliser un clavier ou une souris, des personnes malvoyantes, des utilisateurs d\u2019\u00e9crans de petite taille ou de navigateurs anciens ou textuels, ainsi que de nombreux autres utilisateurs.<br \/>\nCe site est con\u00e7u pour \u00eatre accessible et facile \u00e0 utiliser pour tous.<\/p>\n<p>Ne pas utiliser de caract\u00e8res d\u00e9pendants de l\u2019appareil<br \/>\nNe pas utiliser de katakana demi-largeur<br \/>\nFournir des titres de page d\u00e9crivant clairement le contenu<br \/>\n\u00c9viter l\u2019utilisation de cadres (frames)<br \/>\nFournir un texte alternatif pour les images (attribut ALT)<br \/>\nNe pas fixer la taille des caract\u00e8res<br \/>\nAfficher un fil d\u2019Ariane (navigation)<\/p>\n<h5 class=\"fw-bold mt-4\">Cookies<\/h5>\n<p>Ce site utilise la technologie des cookies afin d\u2019activer certaines fonctions telles que l\u2019ajustement de la taille du texte, les changements de couleurs ou la traduction.<br \/>\nEn utilisant ce site, les utilisateurs acceptent l\u2019utilisation des cookies.<br \/>\nLes cookies peuvent \u00eatre d\u00e9sactiv\u00e9s dans les param\u00e8tres du navigateur.<br \/>\nCependant, les cookies d\u00e9j\u00e0 enregistr\u00e9s dans votre navigateur ne seront pas supprim\u00e9s automatiquement et devront \u00eatre supprim\u00e9s manuellement.<br \/>\nVeuillez consulter la page d\u2019aide de votre navigateur pour savoir comment supprimer les cookies.<br \/>\nSi les cookies sont supprim\u00e9s ou refus\u00e9s, certaines pages peuvent ne pas s\u2019afficher correctement.<\/p>\n<h5 class=\"fw-bold mt-4\">Google Analytics<\/h5>\n<p>Ce site utilise Google Analytics pour comprendre comment il est utilis\u00e9.<br \/>\nGoogle Analytics collecte des informations via des cookies.<br \/>\nVous pouvez d\u00e9sactiver cette collecte de donn\u00e9es en installant le module compl\u00e9mentaire de navigateur de d\u00e9sactivation de Google Analytics.<br \/>\nPour plus d\u2019informations, veuillez consulter \u00ab Comment Google utilise les informations provenant des sites ou applications utilisant ses services \u00bb. (<a href=\"https:\/\/policies.google.com\/technologies\/partner-sites?hl=fr\" target=\"_blank\" rel=\"noopener\">Lien externe<\/a>)<\/p>\n<h5 class=\"fw-bold mt-4\">Politique d\u2019accessibilit\u00e9 Web<\/h5>\n<p>Pour plus d\u2019informations sur notre politique d\u2019accessibilit\u00e9 Web, veuillez consulter le lien ci-dessous.<\/p>\n<p><a href=\"https:\/\/ichibanboshi.pref.wakayama.lg.jp\/fr\/accessibility\">Politique d\u2019accessibilit\u00e9 Web<\/a><\/p>\n<\/div>","protected":false},"excerpt":{"rendered":"Politique de confidentialit\u00e9 (Traitement des donn\u00e9es personnelles) Ce site reconna\u00eet l\u2019importance de la protection des donn\u00e9es personnelles et s\u2019engage \u00e0 assurer leur protection appropri\u00e9e. Nous respectons toutes les lois et r\u00e9glementations applicables concernant les informations personnelles et nous nous effor\u00e7ons de fournir un site que les utilisateurs peuvent consulter en toute confiance. En r\u00e8gle g\u00e9n\u00e9rale, vous pouvez consulter ce site sans fournir d\u2019informations personnelles. Cependant, dans certains cas, il peut vous \u00eatre demand\u00e9 de fournir des informations personnelles telles que votre nom ou votre adresse e-mail (par exemple lors de l\u2019envoi d\u2019une demande ou d\u2019une requ\u00eate \u00e0 la pr\u00e9fecture de Wakayama). Si des informations personnelles sont fournies \u00e0 la pr\u00e9fecture de Wakayama, elles ne seront pas partag\u00e9es avec des tiers sans votre consentement. Conception universelle La pr\u00e9fecture de Wakayama vise \u00e0 mettre en \u0153uvre une \u00ab conception universelle de l\u2019information \u00bb afin que chacun puisse acc\u00e9der aux informations de mani\u00e8re \u00e9quitable. Les visiteurs du site comprennent des personnes \u00e2g\u00e9es, des personnes ayant des difficult\u00e9s \u00e0 utiliser un clavier ou une souris, des personnes malvoyantes, des utilisateurs d\u2019\u00e9crans de petite taille ou de navigateurs anciens ou textuels, ainsi que de nombreux autres utilisateurs. Ce site est con\u00e7u pour \u00eatre accessible et facile \u00e0 utiliser pour tous. Ne pas utiliser de caract\u00e8res d\u00e9pendants de l\u2019appareil Ne pas utiliser de katakana demi-largeur Fournir...","protected":false},"author":1,"featured_media":0,"parent":0,"menu_order":0,"comment_status":"closed","ping_status":"open","template":"","meta":{"_acf_changed":false,"footnotes":""},"class_list":["post-3","page","type-page","status-publish","hentry"],"acf":[],"_links":{"self":[{"href":"https:\/\/ichibanboshi.pref.wakayama.lg.jp\/fr\/wp-json\/wp\/v2\/pages\/3","targetHints":{"allow":["GET"]}}],"collection":[{"href":"https:\/\/ichibanboshi.pref.wakayama.lg.jp\/fr\/wp-json\/wp\/v2\/pages"}],"about":[{"href":"https:\/\/ichibanboshi.pref.wakayama.lg.jp\/fr\/wp-json\/wp\/v2\/types\/page"}],"author":[{"embeddable":true,"href":"https:\/\/ichibanboshi.pref.wakayama.lg.jp\/fr\/wp-json\/wp\/v2\/users\/1"}],"replies":[{"embeddable":true,"href":"https:\/\/ichibanboshi.pref.wakayama.lg.jp\/fr\/wp-json\/wp\/v2\/comments?post=3"}],"version-history":[{"count":19,"href":"https:\/\/ichibanboshi.pref.wakayama.lg.jp\/fr\/wp-json\/wp\/v2\/pages\/3\/revisions"}],"predecessor-version":[{"id":799,"href":"https:\/\/ichibanboshi.pref.wakayama.lg.jp\/fr\/wp-json\/wp\/v2\/pages\/3\/revisions\/799"}],"wp:attachment":[{"href":"https:\/\/ichibanboshi.pref.wakayama.lg.jp\/fr\/wp-json\/wp\/v2\/media?parent=3"}],"curies":[{"name":"wp","href":"https:\/\/api.w.org\/{rel}","templated":true}]}}