{"id":2,"date":"2025-09-25T04:16:47","date_gmt":"2025-09-25T04:16:47","guid":{"rendered":"https:\/\/ichibanboshi.local\/?page_id=2"},"modified":"2026-04-15T19:13:46","modified_gmt":"2026-04-15T19:13:46","slug":"about","status":"publish","type":"page","link":"https:\/\/ichibanboshi.pref.wakayama.lg.jp\/fr\/about\/","title":{"rendered":"\u00c0 propos du Wakayama Ichibanboshi Award"},"content":{"rendered":"<div class=\"tcdce-body\">\r\n<h4 class=\"has-text-align-center has-large-font-size\" style=\"text-align: center;\">\u00c0 propos du Wakayama Ichibanboshi Award<\/h4>\r\n<p style=\"text-align: center;\">\u00a0<\/p>\r\n<p style=\"text-align: center;\"><img loading=\"lazy\" decoding=\"async\" class=\"alignnone size-large wp-image-601\" src=\"https:\/\/ichibanboshi.pref.wakayama.lg.jp\/wp-content\/uploads\/2026\/02\/\u30b9\u30e9\u30a4\u30c96-1024x576.png\" alt=\"\" width=\"1024\" height=\"576\" \/><\/p>\r\n<p style=\"text-align: center;\">En r\u00e9alit\u00e9, Wakayama poss\u00e8de de nombreux produits locaux d\u2019exception qui ne sont pas encore largement connus dans tout le Japon.<br \/>De la s\u00e9lection minutieuse des ingr\u00e9dients, aux techniques transmises de g\u00e9n\u00e9ration en g\u00e9n\u00e9ration, jusqu\u2019\u00e0 la sinc\u00e9rit\u00e9 et la passion des producteurs.<br \/>Afin de faire d\u00e9couvrir ces \u00ab produits d\u2019exception \u00bb \u00e0 un plus grand nombre de personnes,<br data-start=\"2024\" data-end=\"2027\" \/>le<span class=\"tcdce-marker custom_marker\">\u300c<strong data-start=\"2030\" data-end=\"2061\">Wakayama Ichibanboshi Award<\/strong> \u300d<\/span> a \u00e9t\u00e9 cr\u00e9\u00e9.<br \/>Dans ce prix, parmi les produits fabriqu\u00e9s dans la pr\u00e9fecture de Wakayama\u00a0 tels que les aliments transform\u00e9s, l\u2019artisanat et les articles de la vie quotidienne les produits particuli\u00e8rement remarquables sont s\u00e9lectionn\u00e9s et certifi\u00e9s selon trois crit\u00e8res :<br \/>\u300cUne histoire capable de toucher les gens\u300d\u300cUn engagement et un savoir-faire uniques\u300d\u300cUn potentiel de d\u00e9veloppement futur\u300d<\/p>\r\n<p style=\"text-align: center;\"><img loading=\"lazy\" decoding=\"async\" class=\"size-large wp-image-596 aligncenter\" src=\"https:\/\/ichibanboshi.pref.wakayama.lg.jp\/wp-content\/uploads\/2026\/02\/\u30b9\u30e9\u30a4\u30c914-1024x576.png\" alt=\"\" width=\"1024\" height=\"576\" \/><br \/>Les produits certifi\u00e9s, portant le logo officiel en tant que \u00ab tr\u00e9sors de Wakayama \u00bb,<br data-start=\"2554\" data-end=\"2557\" \/>seront pr\u00e9sent\u00e9s sur le site officiel, les r\u00e9seaux sociaux et lors d\u2019\u00e9v\u00e9nements,<br data-start=\"2637\" data-end=\"2640\" \/>afin de les faire conna\u00eetre au plus grand nombre.<\/p>\r\n<p style=\"text-align: center;\">Transmettre correctement les bons produits.<br data-start=\"2734\" data-end=\"2737\" \/>Relier les d\u00e9fis des cr\u00e9ateurs \u00e0 la prochaine g\u00e9n\u00e9ration.<br \/>Le <strong data-start=\"2799\" data-end=\"2830\">Wakayama Ichibanboshi Award<\/strong><br data-start=\"2830\" data-end=\"2833\" \/>est une initiative visant \u00e0 transmettre le charme et la fiert\u00e9 de Wakayama<br data-start=\"2907\" data-end=\"2910\" \/>\u00e0 tout le Japon et au monde entier.<\/p>\r\n<p style=\"text-align: center;\">Nous vous pr\u00e9sentons ici<br data-start=\"2971\" data-end=\"2974\" \/>les \u00ab \u00e9toiles montantes \u00bb de Wakayama que nous souhaitons vous faire d\u00e9couvrir.<\/p>\r\n<p class=\"tcdce-button-wrapper\"><a class=\"tcdce-button custom_button\" href=\"https:\/\/ichibanboshi.pref.wakayama.lg.jp\/products\/\">1\u00e8re \u00e9dition (ann\u00e9e 2025)<br \/>Produits certifi\u00e9s du Wakayama Ichibanboshi Award<br \/><\/a><\/p>\r\n<h4 style=\"text-align: center;\">Message du comit\u00e9 de s\u00e9lection<\/h4>\r\n<p style=\"text-align: center;\" data-start=\"458\" data-end=\"541\">Wakayama est une terre rare o\u00f9 l\u2019on peut profiter \u00e0 la fois des bienfaits de la mer, de la montagne et des rivi\u00e8res.<\/p>\r\n<p style=\"text-align: center;\" data-start=\"548\" data-end=\"614\">\u00ab La richesse du terroir de Wakayama et la sinc\u00e9rit\u00e9 de ses producteurs \u00bb<br data-start=\"3376\" data-end=\"3379\" \/>sont des \u00e9l\u00e9ments qui nous ont une nouvelle fois profond\u00e9ment marqu\u00e9s lors de cette s\u00e9lection.<\/p>\r\n<p style=\"text-align: center;\" data-start=\"621\" data-end=\"739\">La pr\u00e9fecture de Wakayama regorge de produits authentiques, simples mais d\u2019une grande qualit\u00e9.<br data-start=\"3569\" data-end=\"3572\" \/>Ces produits sont le fruit d\u2019efforts quotidiens et d\u2019un esprit sinc\u00e8re de fabrication.<br data-start=\"672\" data-end=\"675\" \/>Nous souhaitons transmettre largement cette valeur \u00e0 travers le <strong data-start=\"3724\" data-end=\"3755\">Wakayama Ichibanboshi Award<\/strong><br data-start=\"3755\" data-end=\"3758\" \/>et la faire perdurer dans l\u2019avenir.<br data-start=\"701\" data-end=\"704\" \/>Nous esp\u00e9rons \u00e9galement construire et d\u00e9velopper ce prix avec vous,<br data-start=\"3862\" data-end=\"3865\" \/>afin qu\u2019il devienne une sc\u00e8ne permettant de faire d\u00e9couvrir le charme de Wakayama \u00e0 un plus grand nombre de personnes.<\/p>\r\n<blockquote class=\"instagram-media\" style=\"background: #FFF; border: 0; border-radius: 3px; box-shadow: 0 0 1px 0 rgba(0,0,0,0.5),0 1px 10px 0 rgba(0,0,0,0.15); margin: 1px; max-width: 540px; min-width: 326px; padding: 0; width: calc(100% - 2px);\" data-instgrm-permalink=\"https:\/\/www.instagram.com\/p\/DOftq_6knVE\/?utm_source=ig_embed&#038;utm_campaign=loading\" data-instgrm-version=\"14\">\r\n<div style=\"padding: 16px;\">\r\n<div style=\"display: flex; flex-direction: row; align-items: center;\">\r\n<div style=\"background-color: #f4f4f4; border-radius: 50%; flex-grow: 0; height: 40px; margin-right: 14px; width: 40px; text-align: center;\">\u00a0<\/div>\r\n<div style=\"display: flex; flex-direction: column; flex-grow: 1; justify-content: center;\">\r\n<div style=\"background-color: #f4f4f4; border-radius: 4px; flex-grow: 0; height: 14px; margin-bottom: 6px; width: 100px; text-align: center;\">\u00a0<\/div>\r\n<div style=\"background-color: #f4f4f4; border-radius: 4px; flex-grow: 0; height: 14px; width: 60px;\">\u00a0<\/div>\r\n<\/div>\r\n<\/div>\r\n<div style=\"padding: 19% 0;\">\u00a0<\/div>\r\n<div style=\"display: block; height: 50px; margin: 0 auto 12px; width: 50px;\">\u00a0<\/div>\r\n<div style=\"padding-top: 8px;\">\r\n<div style=\"color: #3897f0; font-family: Arial,sans-serif; font-size: 14px; font-style: normal; font-weight: 550; line-height: 18px;\">\u3053\u306e\u6295\u7a3f\u3092Instagram\u3067\u898b\u308b<\/div>\r\n<\/div>\r\n<div style=\"padding: 12.5% 0;\">\u00a0<\/div>\r\n<div style=\"display: flex; flex-direction: row; margin-bottom: 14px; align-items: center;\">\r\n<div>\r\n<div style=\"background-color: #f4f4f4; border-radius: 50%; height: 12.5px; width: 12.5px; transform: translateX(0px) translateY(7px);\">\u00a0<\/div>\r\n<div style=\"background-color: #f4f4f4; height: 12.5px; transform: rotate(-45deg) translateX(3px) translateY(1px); width: 12.5px; flex-grow: 0; margin-right: 14px; margin-left: 2px;\">\u00a0<\/div>\r\n<div style=\"background-color: #f4f4f4; border-radius: 50%; height: 12.5px; width: 12.5px; transform: translateX(9px) translateY(-18px);\">\u00a0<\/div>\r\n<\/div>\r\n<div style=\"margin-left: 8px;\">\r\n<div style=\"background-color: #f4f4f4; border-radius: 50%; flex-grow: 0; height: 20px; width: 20px;\">\u00a0<\/div>\r\n<div style=\"width: 0; height: 0; border-top: 2px solid transparent; border-left: 6px solid #f4f4f4; border-bottom: 2px solid transparent; transform: translateX(16px) translateY(-4px) rotate(30deg);\">\u00a0<\/div>\r\n<\/div>\r\n<div style=\"margin-left: auto;\">\r\n<div style=\"width: 0px; border-top: 8px solid #F4F4F4; border-right: 8px solid transparent; transform: translateY(16px);\">\u00a0<\/div>\r\n<div style=\"background-color: #f4f4f4; flex-grow: 0; height: 12px; width: 16px; transform: translateY(-4px);\">\u00a0<\/div>\r\n<div style=\"width: 0; height: 0; border-top: 8px solid #F4F4F4; border-left: 8px solid transparent; transform: translateY(-4px) translateX(8px);\">\u00a0<\/div>\r\n<\/div>\r\n<\/div>\r\n<div style=\"display: flex; flex-direction: column; flex-grow: 1; justify-content: center; margin-bottom: 24px;\">\r\n<div style=\"background-color: #f4f4f4; border-radius: 4px; flex-grow: 0; height: 14px; margin-bottom: 6px; width: 224px;\">\u00a0<\/div>\r\n<div style=\"background-color: #f4f4f4; border-radius: 4px; flex-grow: 0; height: 14px; width: 144px;\">\u00a0<\/div>\r\n<\/div>\r\n<p style=\"color: #c9c8cd; font-family: Arial,sans-serif; font-size: 14px; line-height: 17px; margin-bottom: 0; margin-top: 8px; overflow: hidden; padding: 8px 0 7px; text-align: center; text-overflow: ellipsis; white-space: nowrap;\"><a style=\"color: #c9c8cd; font-family: Arial,sans-serif; font-size: 14px; font-style: normal; font-weight: normal; line-height: 17px; text-decoration: none;\" href=\"https:\/\/www.instagram.com\/p\/DOftq_6knVE\/?utm_source=ig_embed&#038;utm_campaign=loading\" target=\"_blank\" rel=\"noopener\">\u548c\u6b4c\u5c71\u4e00\u756a\u661f\u30a2\u30ef\u30fc\u30c9\u3010\u516c\u5f0f\u3011(@wakayama_ichibanboshi_award)\u304c\u30b7\u30a7\u30a2\u3057\u305f\u6295\u7a3f<\/a><\/p>\r\n<\/div>\r\n<\/blockquote>\r\n<p><script async src=\"\/\/www.instagram.com\/embed.js\"><\/script><\/p>\r\n<blockquote class=\"instagram-media\" style=\"background: #FFF; border: 0; border-radius: 3px; box-shadow: 0 0 1px 0 rgba(0,0,0,0.5),0 1px 10px 0 rgba(0,0,0,0.15); margin: 1px; max-width: 540px; min-width: 326px; padding: 0; width: calc(100% - 2px);\" data-instgrm-permalink=\"https:\/\/www.instagram.com\/p\/DRji3jDkq5N\/?utm_source=ig_embed&#038;utm_campaign=loading\" data-instgrm-version=\"14\">\r\n<div style=\"padding: 16px;\">\r\n<div style=\"display: flex; flex-direction: row; align-items: center;\">\r\n<div style=\"background-color: #f4f4f4; border-radius: 50%; flex-grow: 0; height: 40px; margin-right: 14px; width: 40px;\">\u00a0<\/div>\r\n<div style=\"display: flex; flex-direction: column; flex-grow: 1; justify-content: center;\">\r\n<div style=\"background-color: #f4f4f4; border-radius: 4px; flex-grow: 0; height: 14px; margin-bottom: 6px; width: 100px;\">\u00a0<\/div>\r\n<div style=\"background-color: #f4f4f4; border-radius: 4px; flex-grow: 0; height: 14px; width: 60px;\">\u00a0<\/div>\r\n<\/div>\r\n<\/div>\r\n<div style=\"padding: 19% 0;\">\u00a0<\/div>\r\n<div style=\"display: block; height: 50px; margin: 0 auto 12px; width: 50px;\">\u00a0<\/div>\r\n<div style=\"padding-top: 8px;\">\r\n<div style=\"color: #3897f0; font-family: Arial,sans-serif; font-size: 14px; font-style: normal; font-weight: 550; line-height: 18px;\">\u3053\u306e\u6295\u7a3f\u3092Instagram\u3067\u898b\u308b<\/div>\r\n<\/div>\r\n<div style=\"padding: 12.5% 0;\">\u00a0<\/div>\r\n<div style=\"display: flex; flex-direction: row; margin-bottom: 14px; align-items: center;\">\r\n<div>\r\n<div style=\"background-color: #f4f4f4; border-radius: 50%; height: 12.5px; width: 12.5px; transform: translateX(0px) translateY(7px);\">\u00a0<\/div>\r\n<div style=\"background-color: #f4f4f4; height: 12.5px; transform: rotate(-45deg) translateX(3px) translateY(1px); width: 12.5px; flex-grow: 0; margin-right: 14px; margin-left: 2px;\">\u00a0<\/div>\r\n<div style=\"background-color: #f4f4f4; border-radius: 50%; height: 12.5px; width: 12.5px; transform: translateX(9px) translateY(-18px);\">\u00a0<\/div>\r\n<\/div>\r\n<div style=\"margin-left: 8px;\">\r\n<div style=\"background-color: #f4f4f4; border-radius: 50%; flex-grow: 0; height: 20px; width: 20px;\">\u00a0<\/div>\r\n<div style=\"width: 0; height: 0; border-top: 2px solid transparent; border-left: 6px solid #f4f4f4; border-bottom: 2px solid transparent; transform: translateX(16px) translateY(-4px) rotate(30deg);\">\u00a0<\/div>\r\n<\/div>\r\n<div style=\"margin-left: auto;\">\r\n<div style=\"width: 0px; border-top: 8px solid #F4F4F4; border-right: 8px solid transparent; transform: translateY(16px);\">\u00a0<\/div>\r\n<div style=\"background-color: #f4f4f4; flex-grow: 0; height: 12px; width: 16px; transform: translateY(-4px);\">\u00a0<\/div>\r\n<div style=\"width: 0; height: 0; border-top: 8px solid #F4F4F4; border-left: 8px solid transparent; transform: translateY(-4px) translateX(8px);\">\u00a0<\/div>\r\n<\/div>\r\n<\/div>\r\n<div style=\"display: flex; flex-direction: column; flex-grow: 1; justify-content: center; margin-bottom: 24px;\">\r\n<div style=\"background-color: #f4f4f4; border-radius: 4px; flex-grow: 0; height: 14px; margin-bottom: 6px; width: 224px;\">\u00a0<\/div>\r\n<div style=\"background-color: #f4f4f4; border-radius: 4px; flex-grow: 0; height: 14px; width: 144px;\">\u00a0<\/div>\r\n<\/div>\r\n<p style=\"color: #c9c8cd; font-family: Arial, sans-serif; font-size: 14px; line-height: 17px; margin-bottom: 0px; margin-top: 8px; overflow: hidden; padding: 8px 0px 7px; text-overflow: ellipsis; white-space: nowrap; text-align: left;\"><a style=\"color: #c9c8cd; font-family: Arial,sans-serif; font-size: 14px; font-style: normal; font-weight: normal; line-height: 17px; text-decoration: none;\" href=\"https:\/\/www.instagram.com\/p\/DRji3jDkq5N\/?utm_source=ig_embed&#038;utm_campaign=loading\" target=\"_blank\" rel=\"noopener\">\u548c\u6b4c\u5c71\u4e00\u756a\u661f\u30a2\u30ef\u30fc\u30c9\u3010\u516c\u5f0f\u3011(@wakayama_ichibanboshi_award)\u304c\u30b7\u30a7\u30a2\u3057\u305f\u6295\u7a3f<\/a><\/p>\r\n<\/div>\r\n<\/blockquote>\r\n<p style=\"text-align: center;\"><script async src=\"\/\/www.instagram.com\/embed.js\"><\/script><\/p>\r\n<blockquote class=\"instagram-media\" style=\"background: #FFF; border: 0; border-radius: 3px; box-shadow: 0 0 1px 0 rgba(0,0,0,0.5),0 1px 10px 0 rgba(0,0,0,0.15); margin: 1px; max-width: 540px; min-width: 326px; padding: 0; width: calc(100% - 2px);\" data-instgrm-permalink=\"https:\/\/www.instagram.com\/p\/DScHd4KEpmH\/?utm_source=ig_embed&#038;utm_campaign=loading\" data-instgrm-version=\"14\">\r\n<div style=\"padding: 16px;\">\r\n<div style=\"display: flex; flex-direction: row; align-items: center;\">\r\n<div style=\"background-color: #f4f4f4; border-radius: 50%; flex-grow: 0; height: 40px; margin-right: 14px; width: 40px;\">\u00a0<\/div>\r\n<div style=\"display: flex; flex-direction: column; flex-grow: 1; justify-content: center;\">\r\n<div style=\"background-color: #f4f4f4; border-radius: 4px; flex-grow: 0; height: 14px; margin-bottom: 6px; width: 100px;\">\u00a0<\/div>\r\n<div style=\"background-color: #f4f4f4; border-radius: 4px; flex-grow: 0; height: 14px; width: 60px;\">\u00a0<\/div>\r\n<\/div>\r\n<\/div>\r\n<div style=\"padding: 19% 0;\">\u00a0<\/div>\r\n<div style=\"display: block; height: 50px; margin: 0 auto 12px; width: 50px;\">\u00a0<\/div>\r\n<div style=\"padding-top: 8px;\">\r\n<div style=\"color: #3897f0; font-family: Arial,sans-serif; font-size: 14px; font-style: normal; font-weight: 550; line-height: 18px;\">\u3053\u306e\u6295\u7a3f\u3092Instagram\u3067\u898b\u308b<\/div>\r\n<\/div>\r\n<div style=\"padding: 12.5% 0;\">\u00a0<\/div>\r\n<div style=\"display: flex; flex-direction: row; margin-bottom: 14px; align-items: center;\">\r\n<div>\r\n<div style=\"background-color: #f4f4f4; border-radius: 50%; height: 12.5px; width: 12.5px; transform: translateX(0px) translateY(7px);\">\u00a0<\/div>\r\n<div style=\"background-color: #f4f4f4; height: 12.5px; transform: rotate(-45deg) translateX(3px) translateY(1px); width: 12.5px; flex-grow: 0; margin-right: 14px; margin-left: 2px;\">\u00a0<\/div>\r\n<div style=\"background-color: #f4f4f4; border-radius: 50%; height: 12.5px; width: 12.5px; transform: translateX(9px) translateY(-18px);\">\u00a0<\/div>\r\n<\/div>\r\n<div style=\"margin-left: 8px;\">\r\n<div style=\"background-color: #f4f4f4; border-radius: 50%; flex-grow: 0; height: 20px; width: 20px;\">\u00a0<\/div>\r\n<div style=\"width: 0; height: 0; border-top: 2px solid transparent; border-left: 6px solid #f4f4f4; border-bottom: 2px solid transparent; transform: translateX(16px) translateY(-4px) rotate(30deg);\">\u00a0<\/div>\r\n<\/div>\r\n<div style=\"margin-left: auto;\">\r\n<div style=\"width: 0px; border-top: 8px solid #F4F4F4; border-right: 8px solid transparent; transform: translateY(16px);\">\u00a0<\/div>\r\n<div style=\"background-color: #f4f4f4; flex-grow: 0; height: 12px; width: 16px; transform: translateY(-4px);\">\u00a0<\/div>\r\n<div style=\"width: 0; height: 0; border-top: 8px solid #F4F4F4; border-left: 8px solid transparent; transform: translateY(-4px) translateX(8px);\">\u00a0<\/div>\r\n<\/div>\r\n<\/div>\r\n<div style=\"display: flex; flex-direction: column; flex-grow: 1; justify-content: center; margin-bottom: 24px;\">\r\n<div style=\"background-color: #f4f4f4; border-radius: 4px; flex-grow: 0; height: 14px; margin-bottom: 6px; width: 224px;\">\u00a0<\/div>\r\n<div style=\"background-color: #f4f4f4; border-radius: 4px; flex-grow: 0; height: 14px; width: 144px;\">\u00a0<\/div>\r\n<\/div>\r\n<p style=\"color: #c9c8cd; font-family: Arial,sans-serif; font-size: 14px; line-height: 17px; margin-bottom: 0; margin-top: 8px; overflow: hidden; padding: 8px 0 7px; text-align: center; text-overflow: ellipsis; white-space: nowrap;\"><a style=\"color: #c9c8cd; font-family: Arial,sans-serif; font-size: 14px; font-style: normal; font-weight: normal; line-height: 17px; text-decoration: none;\" href=\"https:\/\/www.instagram.com\/p\/DScHd4KEpmH\/?utm_source=ig_embed&#038;utm_campaign=loading\" target=\"_blank\" rel=\"noopener\">\u548c\u6b4c\u5c71\u4e00\u756a\u661f\u30a2\u30ef\u30fc\u30c9\u3010\u516c\u5f0f\u3011(@wakayama_ichibanboshi_award)\u304c\u30b7\u30a7\u30a2\u3057\u305f\u6295\u7a3f<\/a><\/p>\r\n<\/div>\r\n<\/blockquote>\r\n<p><script async src=\"\/\/www.instagram.com\/embed.js\"><\/script><\/p>\r\n<\/div>","protected":false},"excerpt":{"rendered":"\u00c0 propos du Wakayama Ichibanboshi Award \u00a0 En r\u00e9alit\u00e9, Wakayama poss\u00e8de de nombreux produits locaux d\u2019exception qui ne sont pas encore largement connus dans tout le Japon.De la s\u00e9lection minutieuse des ingr\u00e9dients, aux techniques transmises de g\u00e9n\u00e9ration en g\u00e9n\u00e9ration, jusqu\u2019\u00e0 la sinc\u00e9rit\u00e9 et la passion des producteurs.Afin de faire d\u00e9couvrir ces \u00ab produits d\u2019exception \u00bb \u00e0 un plus grand nombre de personnes,le\u300cWakayama Ichibanboshi Award \u300d a \u00e9t\u00e9 cr\u00e9\u00e9.Dans ce prix, parmi les produits fabriqu\u00e9s dans la pr\u00e9fecture de Wakayama\u00a0 tels que les aliments transform\u00e9s, l\u2019artisanat et les articles de la vie quotidienne les produits particuli\u00e8rement remarquables sont s\u00e9lectionn\u00e9s et certifi\u00e9s selon trois crit\u00e8res :\u300cUne histoire capable de toucher les gens\u300d\u300cUn engagement et un savoir-faire uniques\u300d\u300cUn potentiel de d\u00e9veloppement futur\u300d Les produits certifi\u00e9s, portant le logo officiel en tant que \u00ab tr\u00e9sors de Wakayama \u00bb,seront pr\u00e9sent\u00e9s sur le site officiel, les r\u00e9seaux sociaux et lors d\u2019\u00e9v\u00e9nements,afin de les faire conna\u00eetre au plus grand nombre. Transmettre correctement les bons produits.Relier les d\u00e9fis des cr\u00e9ateurs \u00e0 la prochaine g\u00e9n\u00e9ration.Le Wakayama Ichibanboshi Awardest une initiative visant \u00e0 transmettre le charme et la fiert\u00e9 de Wakayama\u00e0 tout le Japon et au monde entier. Nous vous pr\u00e9sentons iciles \u00ab \u00e9toiles montantes \u00bb de Wakayama que nous souhaitons vous faire d\u00e9couvrir. 1\u00e8re \u00e9dition (ann\u00e9e 2025)Produits certifi\u00e9s du Wakayama Ichibanboshi Award Message du comit\u00e9 de s\u00e9lection Wakayama est...","protected":false},"author":1,"featured_media":0,"parent":0,"menu_order":0,"comment_status":"closed","ping_status":"closed","template":"","meta":{"_acf_changed":false,"footnotes":""},"class_list":["post-2","page","type-page","status-publish","hentry"],"acf":[],"_links":{"self":[{"href":"https:\/\/ichibanboshi.pref.wakayama.lg.jp\/fr\/wp-json\/wp\/v2\/pages\/2","targetHints":{"allow":["GET"]}}],"collection":[{"href":"https:\/\/ichibanboshi.pref.wakayama.lg.jp\/fr\/wp-json\/wp\/v2\/pages"}],"about":[{"href":"https:\/\/ichibanboshi.pref.wakayama.lg.jp\/fr\/wp-json\/wp\/v2\/types\/page"}],"author":[{"embeddable":true,"href":"https:\/\/ichibanboshi.pref.wakayama.lg.jp\/fr\/wp-json\/wp\/v2\/users\/1"}],"replies":[{"embeddable":true,"href":"https:\/\/ichibanboshi.pref.wakayama.lg.jp\/fr\/wp-json\/wp\/v2\/comments?post=2"}],"version-history":[{"count":83,"href":"https:\/\/ichibanboshi.pref.wakayama.lg.jp\/fr\/wp-json\/wp\/v2\/pages\/2\/revisions"}],"predecessor-version":[{"id":807,"href":"https:\/\/ichibanboshi.pref.wakayama.lg.jp\/fr\/wp-json\/wp\/v2\/pages\/2\/revisions\/807"}],"wp:attachment":[{"href":"https:\/\/ichibanboshi.pref.wakayama.lg.jp\/fr\/wp-json\/wp\/v2\/media?parent=2"}],"curies":[{"name":"wp","href":"https:\/\/api.w.org\/{rel}","templated":true}]}}